{"id":1034,"date":"2026-01-06T11:34:28","date_gmt":"2026-01-06T04:34:28","guid":{"rendered":"https:\/\/worldhotelslongbeach.com\/?page_id=1034"},"modified":"2026-01-22T09:43:39","modified_gmt":"2026-01-22T02:43:39","slug":"chinh-sach","status":"publish","type":"page","link":"https:\/\/worldhotelslongbeach.com\/vi\/chinh-sach\/","title":{"rendered":"Ch\u00ednh s\u00e1ch"},"content":{"rendered":"<p>T\u1ea1i WorldHotels Long Beach Resort Phu Quoc, t\u1eebng chi ti\u1ebft \u0111\u1ec1u \u0111\u01b0\u1ee3c ch\u0103m ch\u00fat t\u1ec9 m\u1ec9 nh\u1eb1m mang \u0111\u1ebfn cho Qu\u00fd kh\u00e1ch s\u1ef1 an t\u00e2m v\u00e0 tho\u1ea3i m\u00e1i tuy\u1ec7t \u0111\u1ed1i.<\/p>\n<p>K\u00ednh m\u1eddi Qu\u00fd kh\u00e1ch tham kh\u1ea3o nh\u1eefng th\u00f4ng tin quan tr\u1ecdng d\u01b0\u1edbi \u0111\u00e2y \u0111\u1ec3 c\u00f3 m\u1ed9t k\u1ef3 ngh\u1ec9 tr\u1ecdn v\u1eb9n v\u00e0 \u0111\u00e1ng nh\u1edb.<\/p>\n<p><strong>Nh\u1eadn v\u00e0 Tr\u1ea3 ph\u00f2ng<\/strong><\/p>\n<p>Nh\u1eadn ph\u00f2ng: t\u1eeb 14:00\u2003\u2003Tr\u1ea3 ph\u00f2ng: tr\u01b0\u1edbc 12:00 tr\u01b0a<\/p>\n<p>Vi\u1ec7c nh\u1eadn ph\u00f2ng s\u1edbm ho\u1eb7c tr\u1ea3 ph\u00f2ng tr\u1ec5 ph\u1ee5 thu\u1ed9c v\u00e0o t\u00ecnh tr\u1ea1ng ph\u00f2ng th\u1ef1c t\u1ebf v\u00e0 c\u00f3 th\u1ec3 \u00e1p d\u1ee5ng ph\u1ee5 ph\u00ed.<\/p>\n<p>Khi l\u00e0m th\u1ee7 t\u1ee5c nh\u1eadn ph\u00f2ng, Khu ngh\u1ec9 d\u01b0\u1ee1ng s\u1ebd t\u1ea1m gi\u1eef m\u1ed9t kho\u1ea3n \u0111\u1eb7t c\u1ecdc \u0111\u1ec3 thu\u1eadn ti\u1ec7n cho vi\u1ec7c thanh to\u00e1n c\u00e1c chi ph\u00ed ph\u00e1t sinh trong th\u1eddi gian l\u01b0u tr\u00fa.<\/p>\n<p><strong>H\u00ecnh th\u1ee9c thanh to\u00e1n<\/strong><\/p>\n<p>Khu ngh\u1ec9 d\u01b0\u1ee1ng ch\u1ea5p nh\u1eadn thanh to\u00e1n b\u1eb1ng c\u00e1c lo\u1ea1i th\u1ebb t\u00edn d\u1ee5ng v\u00e0 th\u1ebb ghi n\u1ee3 qu\u1ed1c t\u1ebf ph\u1ed5 bi\u1ebfn, c\u0169ng nh\u01b0 ti\u1ec1n m\u1eb7t (VN\u0110).<\/p>\n<p>Ngo\u00e0i ra, Qu\u00fd kh\u00e1ch c\u00f3 th\u1ec3 l\u1ef1a ch\u1ecdn thanh to\u00e1n qua chuy\u1ec3n kho\u1ea3n ng\u00e2n h\u00e0ng ho\u1eb7c m\u00e3 QR \u2013 thu\u1eadn ti\u1ec7n, nhanh ch\u00f3ng v\u00e0 an to\u00e0n.<\/p>\n<p><strong>Quy \u0111\u1ecbnh v\u1ec1 kh\u00e1ch \u0111\u1ebfn th\u0103m<\/strong><\/p>\n<p>Qu\u00fd kh\u00e1ch vui l\u00f2ng ti\u1ebfp kh\u00e1ch t\u1ea1i s\u1ea3nh L\u1ec5 t\u00e2n. V\u00ec l\u00fd do ri\u00eang t\u01b0 v\u00e0 an to\u00e0n, vi\u1ec7c kh\u00e1ch th\u0103m l\u00ean ph\u00f2ng c\u1ea7n c\u00f3 s\u1ef1 \u0111\u1ed3ng \u00fd c\u1ee7a Qu\u1ea3n l\u00fd Khu ngh\u1ec9 d\u01b0\u1ee1ng.<\/p>\n<p><strong>Kh\u00f4ng gian kh\u00f4ng kh\u00f3i thu\u1ed1c &amp; Ch\u00ednh s\u00e1ch v\u1eadt nu\u00f4i<\/strong><\/p>\n<p>T\u1ea5t c\u1ea3 c\u00e1c ph\u00f2ng ngh\u1ec9 v\u00e0 khu v\u1ef1c trong nh\u00e0 \u0111\u1ec1u l\u00e0 khu v\u1ef1c kh\u00f4ng h\u00fat thu\u1ed1c. Qu\u00fd kh\u00e1ch vui l\u00f2ng ch\u1ec9 h\u00fat thu\u1ed1c t\u1ea1i c\u00e1c khu v\u1ef1c \u0111\u01b0\u1ee3c b\u1ed1 tr\u00ed ri\u00eang \u0111\u1ec3 \u0111\u1ea3m b\u1ea3o s\u1ef1 tho\u1ea3i m\u00e1i v\u00e0 an to\u00e0n cho t\u1ea5t c\u1ea3 kh\u00e1ch l\u01b0u tr\u00fa.<\/p>\n<p>Nh\u1eb1m duy tr\u00ec kh\u00f4ng gian trong l\u00e0nh v\u00e0 tho\u1ea3i m\u00e1i, Khu ngh\u1ec9 d\u01b0\u1ee1ng kh\u00f4ng ti\u1ebfp nh\u1eadn v\u1eadt nu\u00f4i trong khu\u00f4n vi\u00ean.<\/p>\n<p><strong>An to\u00e0n &amp; T\u00e0i s\u1ea3n c\u00e1 nh\u00e2n<\/strong><\/p>\n<p>Qu\u00fd kh\u00e1ch c\u00f3 th\u1ec3 ho\u00e0n to\u00e0n y\u00ean t\u00e2m t\u1eadn h\u01b0\u1edfng k\u1ef3 ngh\u1ec9 khi l\u01b0u \u00fd m\u1ed9t v\u00e0i \u0111i\u1ec3m nh\u1ecf sau:<\/p>\n<ul>\n<li>C\u00e1c v\u1eadt d\u1ee5ng c\u00f3 gi\u00e1 tr\u1ecb n\u00ean \u0111\u01b0\u1ee3c c\u1ea5t trong k\u00e9t an to\u00e0n c\u1ee7a ph\u00f2ng.<\/li>\n<li>Khu ngh\u1ec9 d\u01b0\u1ee1ng r\u1ea5t ti\u1ebfc kh\u00f4ng th\u1ec3 ch\u1ecbu tr\u00e1ch nhi\u1ec7m v\u1edbi c\u00e1c t\u00e0i s\u1ea3n kh\u00f4ng g\u1eedi t\u1ea1i qu\u1ea7y L\u1ec5 t\u00e2n.<\/li>\n<li>Vui l\u00f2ng kh\u00f4ng s\u1eed d\u1ee5ng thi\u1ebft b\u1ecb \u0111un n\u1ea5u ho\u1eb7c ph\u00e1t nhi\u1ec7t trong ph\u00f2ng ngh\u1ec9.<\/li>\n<li>V\u00ec l\u00fd do an ninh, vui l\u00f2ng kh\u00f4ng mang theo v\u0169 kh\u00ed, ch\u1ea5t n\u1ed5 ho\u1eb7c c\u00e1c v\u1eadt li\u1ec7u nguy hi\u1ec3m v\u00e0o khu\u00f4n vi\u00ean Khu ngh\u1ec9 d\u01b0\u1ee1ng.<\/li>\n<\/ul>\n<p><strong>Tr\u1ea3i nghi\u1ec7m \u1ea9m th\u1ef1c &amp; Ch\u00ednh s\u00e1ch th\u1ef1c ph\u1ea9m mang v\u00e0o<\/strong><\/p>\n<p>Kh\u00e1m ph\u00e1 h\u00e0nh tr\u00ecnh \u1ea9m th\u1ef1c phong ph\u00fa t\u1ea1i c\u00e1c nh\u00e0 h\u00e0ng v\u00e0 qu\u1ea7y bar c\u1ee7a Khu ngh\u1ec9 d\u01b0\u1ee1ng, n\u01a1i giao h\u00f2a tinh t\u1ebf gi\u1eefa h\u01b0\u01a1ng v\u1ecb \u0111\u1ecba ph\u01b0\u01a1ng v\u00e0 qu\u1ed1c t\u1ebf.<\/p>\n<p>Kh\u00f4ng khuy\u1ebfn kh\u00edch mang th\u1ee9c \u0103n ho\u1eb7c \u0111\u1ed3 u\u1ed1ng t\u1eeb b\u00ean ngo\u00e0i; trong tr\u01b0\u1eddng h\u1ee3p c\u1ea7n thi\u1ebft, vui l\u00f2ng li\u00ean h\u1ec7 qu\u1ea7y L\u1ec5 t\u00e2n \u0111\u1ec3 \u0111\u01b0\u1ee3c h\u01b0\u1edbng d\u1eabn v\u00e0 h\u1ed7 tr\u1ee3 th\u1ee7 t\u1ee5c mi\u1ec5n tr\u1eeb tr\u00e1ch nhi\u1ec7m.<\/p>\n<p><strong>Cam k\u1ebft ph\u1ee5c v\u1ee5<\/strong><\/p>\n<p>T\u1ea1i WorldHotels Long Beach Resort Phu Quoc, m\u1ed7i kho\u1ea3nh kh\u1eafc c\u1ee7a Qu\u00fd kh\u00e1ch \u0111\u1ec1u \u0111\u01b0\u1ee3c ch\u00fang t\u00f4i tr\u00e2n tr\u1ecdng v\u00e0 ch\u0103m ch\u00fat v\u1edbi t\u1ea5t c\u1ea3 t\u00e2m huy\u1ebft.<\/p>\n<p>\u0110\u1ed9i ng\u0169 t\u1eadn t\u00e2m c\u1ee7a ch\u00fang t\u00f4i lu\u00f4n hi\u1ec7n di\u1ec7n \u0111\u1ec3 mang \u0111\u1ebfn s\u1ef1 an t\u00e2m tuy\u1ec7t \u0111\u1ed1i, nh\u1eefng tr\u1ea3i nghi\u1ec7m tinh t\u1ebf v\u00e0 nh\u1eefng k\u1ef7 ni\u1ec7m th\u1eadt kh\u00f3 qu\u00ean.<\/p>\n<p>Ch\u00fang t\u00f4i tr\u00e2n tr\u1ecdng m\u1eddi Qu\u00fd kh\u00e1ch kh\u00e1m ph\u00e1 m\u1ed9t th\u1ebf gi\u1edbi kh\u00e1c bi\u1ec7t \u2013 Discover a World of Difference, n\u01a1i v\u1ebb \u0111\u1eb9p thanh l\u1ecbch h\u00f2a quy\u1ec7n c\u00f9ng s\u1ef1 b\u00ecnh y\u00ean trong t\u1eebng chi ti\u1ebft.<\/p>\n","protected":false},"excerpt":{"rendered":"<p>T\u1ea1i WorldHotels Long Beach Resort Phu Quoc, t\u1eebng chi ti\u1ebft \u0111\u1ec1u \u0111\u01b0\u1ee3c ch\u0103m ch\u00fat t\u1ec9 m\u1ec9 nh\u1eb1m mang \u0111\u1ebfn cho Qu\u00fd kh\u00e1ch s\u1ef1 an t\u00e2m v\u00e0 tho\u1ea3i m\u00e1i tuy\u1ec7t \u0111\u1ed1i. K\u00ednh m\u1eddi Qu\u00fd kh\u00e1ch tham kh\u1ea3o nh\u1eefng th\u00f4ng tin quan tr\u1ecdng d\u01b0\u1edbi \u0111\u00e2y \u0111\u1ec3 c\u00f3 m\u1ed9t k\u1ef3 ngh\u1ec9 tr\u1ecdn v\u1eb9n v\u00e0 \u0111\u00e1ng nh\u1edb. Nh\u1eadn v\u00e0 [&hellip;]<\/p>\n","protected":false},"author":1,"featured_media":0,"parent":0,"menu_order":0,"comment_status":"closed","ping_status":"closed","template":"","meta":{"_acf_changed":false,"rank_math_lock_modified_date":false,"footnotes":""},"class_list":["post-1034","page","type-page","status-publish","hentry"],"acf":[],"_links":{"self":[{"href":"https:\/\/worldhotelslongbeach.com\/vi\/wp-json\/wp\/v2\/pages\/1034","targetHints":{"allow":["GET"]}}],"collection":[{"href":"https:\/\/worldhotelslongbeach.com\/vi\/wp-json\/wp\/v2\/pages"}],"about":[{"href":"https:\/\/worldhotelslongbeach.com\/vi\/wp-json\/wp\/v2\/types\/page"}],"author":[{"embeddable":true,"href":"https:\/\/worldhotelslongbeach.com\/vi\/wp-json\/wp\/v2\/users\/1"}],"replies":[{"embeddable":true,"href":"https:\/\/worldhotelslongbeach.com\/vi\/wp-json\/wp\/v2\/comments?post=1034"}],"version-history":[{"count":3,"href":"https:\/\/worldhotelslongbeach.com\/vi\/wp-json\/wp\/v2\/pages\/1034\/revisions"}],"predecessor-version":[{"id":1066,"href":"https:\/\/worldhotelslongbeach.com\/vi\/wp-json\/wp\/v2\/pages\/1034\/revisions\/1066"}],"wp:attachment":[{"href":"https:\/\/worldhotelslongbeach.com\/vi\/wp-json\/wp\/v2\/media?parent=1034"}],"curies":[{"name":"wp","href":"https:\/\/api.w.org\/{rel}","templated":true}]}}